{"id":1303,"date":"2017-07-05T18:20:52","date_gmt":"2017-07-05T18:20:52","guid":{"rendered":"http:\/\/kpd.kpd-tst.qumak.pl\/?page_id=1303"},"modified":"2017-09-14T09:44:14","modified_gmt":"2017-09-14T09:44:14","slug":"projekt-kpd","status":"publish","type":"page","link":"https:\/\/kpd-test.trafficmanager.net\/index.php\/pl\/projekt-kpd\/","title":{"rendered":"Projekty KPD"},"content":{"rendered":"<div id=\"pl-1303\"  class=\"panel-layout\" ><div id=\"pg-1303-0\"  class=\"panel-grid panel-no-style\" ><div id=\"pgc-1303-0-0\"  class=\"panel-grid-cell\" ><div id=\"panel-1303-0-0-0\" class=\"so-panel widget widget_sow-editor panel-first-child\" data-index=\"0\" ><div\r\n\t\t\t\r\n\t\t\tclass=\"so-widget-sow-editor so-widget-sow-editor-base\"\r\n\t\t\t\r\n\t\t>\r\n<div class=\"siteorigin-widget-tinymce textwidget\">\r\n\t<p><strong>Krajowy Punkt Dost\u0119powy<\/strong><\/p>\n<p>Projekt budowy Krajowego Punktu Dost\u0119powego do informacji o warunkach ruchu (KPD) jest jednym z projekt\u00f3w realizowanych w ramach programu Krajowy System Zarz\u0105dzania Ruchem (KSZR) i przygotowywany jest wsp\u00f3lnie przez Ministerstwo Infrastruktury i Rozwoju oraz Generaln\u0105 Dyrekcj\u0119 Dr\u00f3g Krajowych i Autostrad. Celem projektu jest dostarczenie podr\u00f3\u017cuj\u0105cym wiarygodnych informacji o utrudnieniach na wszystkich drogach utrzymywanych w Polsce, a tak\u017ce w wybranych krajach Unii Europejskiej, poprzez mi\u0119dzynarodow\u0105 wymian\u0119 danych pomi\u0119dzy, podobnymi do KPD, krajowymi punktami dost\u0119powymi. Wymiana informacji pomi\u0119dzy zarz\u0105dcami dr\u00f3g w Polsce oraz za granic\u0105 spowoduje polepszenie skoordynowanego zarz\u0105dzania ruchem krajowym i mi\u0119dzynarodowym oraz dostarczenie wiarygodnej informacji w czasie rzeczywistym. W ramach KPD przekazywane b\u0119d\u0105 informacje zwi\u0105zane z bezpiecze\u0144stwem ruchu drogowego oraz informacj\u0105 o parkingach. Niniejszy projekt jest pierwszym etapem wdra\u017cania idei tzw. \u201ejednego okienka\u201d, w kt\u00f3rym zar\u00f3wno podmioty administracji publicznej jak i dostawcy us\u0142ug i\/lub aplikacji b\u0119d\u0105 mogli uzyska\u0107 dane o utrudnieniach w skali kraju w czasie rzeczywistym.<\/p>\n<p>Bezpo\u015brednimi odbiorcami rezultat\u00f3w projektu s\u0105 zarz\u0105dcy dr\u00f3g na wszystkich szczeblach administracyjnych, s\u0142u\u017cby ratownicze oraz komercyjni dostawcy i odbiorcy danych. Po\u015brednio dane b\u0119d\u0105 przekazywane przez powy\u017csze podmioty do podr\u00f3\u017cuj\u0105cych, zwi\u0119kszaj\u0105c komfort i bezpiecze\u0144stwo podr\u00f3\u017cy. Wychodz\u0105c naprzeciw wszystkim zarz\u0105dcom dr\u00f3g, kt\u00f3rzy nie posiadaj\u0105 zaawansowanych system\u00f3w zarz\u0105dzania ruchem i nie gromadz\u0105 automatycznie danych o utrudnieniach w czasie rzeczywistym, GDDKiA zrealizuje aplikacj\u0119, kt\u00f3rej zadaniem b\u0119dzie wizualizacja na podk\u0142adzie mapowym wszystkich utrudnie\u0144, wprowadzonych zar\u00f3wno automatycznie jak i manualnie.<\/p>\n<p>Wszystkie sk\u0142adowe KPD b\u0119d\u0105 wykonane w modelu us\u0142ugowym z lokalizacj\u0105 urz\u0105dze\u0144 zapewniaj\u0105cym ci\u0105g\u0142o\u015b\u0107 dzia\u0142ania i bezpiecze\u0144stwo informatyczne Centrum Przetwarzania Danych. Wszystkie wytworzone aplikacje b\u0119d\u0105 dost\u0119pne przez przegl\u0105dark\u0119 internetow\u0105, wykorzystuj\u0105c technologie przetwarzania danych w chmurze.<\/p>\n<\/div>\r\n<\/div><\/div><div id=\"panel-1303-0-0-1\" class=\"so-panel widget widget_sow-editor panel-last-child\" data-index=\"1\" ><div\r\n\t\t\t\r\n\t\t\tclass=\"so-widget-sow-editor so-widget-sow-editor-base\"\r\n\t\t\t\r\n\t\t>\r\n<div class=\"siteorigin-widget-tinymce textwidget\">\r\n\t<p><strong>Krajowy Punkt Dost\u0119powy 2\u00a0<\/strong><\/p>\n<p>Projekt KPD 2 b\u0119dzie realizowa\u0142 wymagania rozporz\u0105dzenia delegowanego nr 2015\/962 w odniesieniu do \u015bwiadczenia og\u00f3lnounijnych us\u0142ug informacyjnych w czasie rzeczywistym dotycz\u0105cych ruchu w nast\u0119puj\u0105cym zakresie:<\/p>\n<ul>\n<li>\u00a0Dane statyczne o drogach (m.in. przebieg drogi, liczba pas\u00f3w ruchu, skrzy\u017cowania, klasyfikacja drogi, wykaz dr\u00f3g p\u0142atnych),<\/li>\n<li>\u00a0Wybrane elementy projekt\u00f3w organizacji ruchu (plany objazd\u00f3w, oznakowanie),<\/li>\n<li>\u00a0Dane o punktach poboru op\u0142at (lokalizacja punkt\u00f3w poboru op\u0142at, metody p\u0142atno\u015bci),<\/li>\n<li>\u00a0Rozszerzony zakres informacji o utrudnieniach<\/li>\n<\/ul>\n<\/div>\r\n<\/div><\/div><\/div><\/div><\/div>","protected":false},"excerpt":{"rendered":"<p>Krajowy Punkt Dost\u0119powy Projekt budowy Krajowego Punktu Dost\u0119powego do informacji o warunkach ruchu (KPD) jest jednym z projekt\u00f3w realizowanych w ramach programu Krajowy System Zarz\u0105dzania Ruchem (KSZR) i przygotowywany jest wsp\u00f3lnie przez Ministerstwo Infrastruktury i Rozwoju oraz Generaln\u0105 Dyrekcj\u0119 Dr\u00f3g Krajowych i Autostrad. Celem projektu jest dostarczenie podr\u00f3\u017cuj\u0105cym wiarygodnych informacji o utrudnieniach na wszystkich drogach [&hellip;]<\/p>\n","protected":false},"author":1,"featured_media":0,"parent":0,"menu_order":0,"comment_status":"closed","ping_status":"closed","template":"","meta":{"footnotes":""},"_links":{"self":[{"href":"https:\/\/kpd-test.trafficmanager.net\/index.php\/wp-json\/wp\/v2\/pages\/1303"}],"collection":[{"href":"https:\/\/kpd-test.trafficmanager.net\/index.php\/wp-json\/wp\/v2\/pages"}],"about":[{"href":"https:\/\/kpd-test.trafficmanager.net\/index.php\/wp-json\/wp\/v2\/types\/page"}],"author":[{"embeddable":true,"href":"https:\/\/kpd-test.trafficmanager.net\/index.php\/wp-json\/wp\/v2\/users\/1"}],"replies":[{"embeddable":true,"href":"https:\/\/kpd-test.trafficmanager.net\/index.php\/wp-json\/wp\/v2\/comments?post=1303"}],"version-history":[{"count":14,"href":"https:\/\/kpd-test.trafficmanager.net\/index.php\/wp-json\/wp\/v2\/pages\/1303\/revisions"}],"predecessor-version":[{"id":2148,"href":"https:\/\/kpd-test.trafficmanager.net\/index.php\/wp-json\/wp\/v2\/pages\/1303\/revisions\/2148"}],"wp:attachment":[{"href":"https:\/\/kpd-test.trafficmanager.net\/index.php\/wp-json\/wp\/v2\/media?parent=1303"}],"curies":[{"name":"wp","href":"https:\/\/api.w.org\/{rel}","templated":true}]}}