{"id":1353,"date":"2017-07-11T13:20:04","date_gmt":"2017-07-11T13:20:04","guid":{"rendered":"http:\/\/kpd.kpd-tst.qumak.pl\/?page_id=1353"},"modified":"2017-09-09T10:10:09","modified_gmt":"2017-09-09T10:10:09","slug":"usluga-kpd","status":"publish","type":"page","link":"https:\/\/kpd-test.trafficmanager.net\/index.php\/pl\/usluga-kpd\/","title":{"rendered":"Us\u0142uga KPD"},"content":{"rendered":"<div id=\"pl-1353\"  class=\"panel-layout\" >\n<div id=\"pg-1353-0\"  class=\"panel-grid panel-no-style\"  data-style=\"{&quot;background_display&quot;:&quot;tile&quot;,&quot;cell_alignment&quot;:&quot;flex-start&quot;}\" >\n<div id=\"pgc-1353-0-0\"  class=\"panel-grid-cell\"  data-weight=\"0.74871134020619\" >\n<div id=\"panel-1353-0-0-0\" class=\"so-panel widget widget_sow-editor panel-first-child panel-last-child\" data-index=\"0\" data-style=\"{&quot;background_image_attachment&quot;:false,&quot;background_display&quot;:&quot;tile&quot;}\" >\n<div class=\"so-widget-sow-editor so-widget-sow-editor-base\">\n<div class=\"siteorigin-widget-tinymce textwidget\">\n<p style=\"text-align: justify;\"><span style=\"font-family: verdana, geneva, sans-serif;\">Us\u0142uga KPD polega na utworzeniu jednego w skali kraju punktu dost\u0119powego do danych u\u017cytecznych przy tworzeniu serwis\u00f3w informacji dla podr\u00f3\u017cnych, kt\u00f3ra jest z\u0142o\u017cona z bazy danych i oprogramowania. Realizowana jest obecnie w projektach \u201eBudowa Krajowego Punktu Dost\u0119powego do informacji o warunkach ruchu\u201d (KPD1) oraz \u201eBudowa Krajowego Punktu Dost\u0119powego do informacji o warunkach ruchu 2\u201d (KPD2 ), kt\u00f3re uzyska\u0142y dofinansowanie z funduszu CEF (ang. Connecting Europe Facility) w ramach europejskich projekt\u00f3w CROCODILE 1 i CROCODILE 2.<\/span><\/p>\n<p style=\"text-align: justify;\"><span style=\"font-family: verdana, geneva, sans-serif;\">Bezpo\u015brednimi odbiorcami rezultat\u00f3w projektu s\u0105 zarz\u0105dcy dr\u00f3g na wszystkich szczeblach administracyjnych, s\u0142u\u017cby ratownicze oraz komercyjni dostawcy i odbiorcy danych. Po\u015brednio dane b\u0119d\u0105 przekazywane przez powy\u017csze podmioty do podr\u00f3\u017cuj\u0105cych, zwi\u0119kszaj\u0105c komfort i bezpiecze\u0144stwo podr\u00f3\u017cy. <br \/>Us\u0142uga KPD zapewnia jednolity interfejs komunikacyjny, zgodny z wymaganiami Komisji Europejskiej, kt\u00f3ry umo\u017cliwia zainteresowanym podmiotom jego \u0142atw\u0105 implementacj\u0119 w posiadanych systemach. Opis sposobu \u201epod\u0142\u0105czenia\u201d do KPD zosta\u0142 okre\u015blony w specyfikacjach technicznych.<\/span><\/p>\n<p>\u00a0<\/p>\n<\/div>\n<\/div>\n<\/div>\n<\/div>\n<div id=\"pgc-1353-0-1\"  class=\"panel-grid-cell\"  data-weight=\"0.25128865979381\" >\n<div id=\"panel-1353-0-1-0\" class=\"so-panel widget widget_sow-button panel-first-child panel-last-child\" data-index=\"1\" data-style=\"{&quot;background_display&quot;:&quot;tile&quot;}\" >\n<div class=\"so-widget-sow-button so-widget-sow-button-atom-7385a64353d3\">\n<div class=\"ow-button-base ow-button-align-center\">\n\t<a href=\"http:\/\/kpd-test.northeurope.cloudapp.azure.com\/index.php\/pl\/formularz-kontaktowy\" class=\" ow-button-hover\" ><br \/>\n\t\t<span><\/p>\n<p>\t\t\tKONTAKT\t\t<\/span><br \/>\n\t<\/a>\n<\/div>\n<\/div>\n<\/div>\n<\/div>\n<\/div>\n<div id=\"pg-1353-1\"  class=\"panel-grid panel-no-style\"  data-style=\"{&quot;background_display&quot;:&quot;tile&quot;,&quot;cell_alignment&quot;:&quot;flex-start&quot;}\" >\n<div id=\"pgc-1353-1-0\"  class=\"panel-grid-cell\"  data-weight=\"1\" >\n<div id=\"panel-1353-1-0-0\" class=\"so-panel widget widget_sow-editor panel-first-child panel-last-child\" data-index=\"2\" data-style=\"{&quot;background_display&quot;:&quot;tile&quot;}\" >\n<div class=\"so-widget-sow-editor so-widget-sow-editor-base\">\n<div class=\"siteorigin-widget-tinymce textwidget\">\n<h5><span style=\"font-family: verdana, geneva, sans-serif;\"><strong>Harmonogram test\u00f3w:<\/strong><\/span><\/h5>\n<p><span style=\"font-family: verdana, geneva, sans-serif;\"><strong>W godzinach 8:00 &#8211; 16:00 w dniach od 1 do 7 ka\u017cdego miesi\u0105ca ( dni robocze ) mo\u017cna wykonywa\u0107 testy wymiany komunikat\u00f3w.<\/strong><\/span><\/p>\n<\/div>\n<\/div>\n<\/div>\n<\/div>\n<\/div>\n<\/div>\n","protected":false},"excerpt":{"rendered":"<p>Us\u0142uga KPD polega na utworzeniu jednego w skali kraju punktu dost\u0119powego do danych u\u017cytecznych przy tworzeniu serwis\u00f3w informacji dla podr\u00f3\u017cnych, kt\u00f3ra jest z\u0142o\u017cona z bazy danych i oprogramowania. Realizowana jest obecnie w projektach \u201eBudowa Krajowego Punktu Dost\u0119powego do informacji o warunkach ruchu\u201d (KPD1) oraz \u201eBudowa Krajowego Punktu Dost\u0119powego do informacji o warunkach ruchu 2\u201d (KPD2 [&hellip;]<\/p>\n","protected":false},"author":1,"featured_media":0,"parent":0,"menu_order":0,"comment_status":"closed","ping_status":"closed","template":"","meta":{"footnotes":""},"_links":{"self":[{"href":"https:\/\/kpd-test.trafficmanager.net\/index.php\/wp-json\/wp\/v2\/pages\/1353"}],"collection":[{"href":"https:\/\/kpd-test.trafficmanager.net\/index.php\/wp-json\/wp\/v2\/pages"}],"about":[{"href":"https:\/\/kpd-test.trafficmanager.net\/index.php\/wp-json\/wp\/v2\/types\/page"}],"author":[{"embeddable":true,"href":"https:\/\/kpd-test.trafficmanager.net\/index.php\/wp-json\/wp\/v2\/users\/1"}],"replies":[{"embeddable":true,"href":"https:\/\/kpd-test.trafficmanager.net\/index.php\/wp-json\/wp\/v2\/comments?post=1353"}],"version-history":[{"count":30,"href":"https:\/\/kpd-test.trafficmanager.net\/index.php\/wp-json\/wp\/v2\/pages\/1353\/revisions"}],"predecessor-version":[{"id":2130,"href":"https:\/\/kpd-test.trafficmanager.net\/index.php\/wp-json\/wp\/v2\/pages\/1353\/revisions\/2130"}],"wp:attachment":[{"href":"https:\/\/kpd-test.trafficmanager.net\/index.php\/wp-json\/wp\/v2\/media?parent=1353"}],"curies":[{"name":"wp","href":"https:\/\/api.w.org\/{rel}","templated":true}]}}