{"id":1356,"date":"2017-07-11T13:20:29","date_gmt":"2017-07-11T13:20:29","guid":{"rendered":"http:\/\/kpd.kpd-tst.qumak.pl\/?page_id=1356"},"modified":"2017-09-05T12:58:43","modified_gmt":"2017-09-05T12:58:43","slug":"service-kpd","status":"publish","type":"page","link":"https:\/\/kpd-test.trafficmanager.net\/index.php\/en\/service-kpd\/","title":{"rendered":"KPD service"},"content":{"rendered":"<div id=\"pl-1356\"  class=\"panel-layout\" >\n<div id=\"pg-1356-0\"  class=\"panel-grid panel-no-style\"  data-style=\"{&quot;background_display&quot;:&quot;tile&quot;,&quot;cell_alignment&quot;:&quot;flex-start&quot;}\" >\n<div id=\"pgc-1356-0-0\"  class=\"panel-grid-cell\"  data-weight=\"0.74871134020619\" >\n<div id=\"panel-1356-0-0-0\" class=\"so-panel widget widget_sow-editor panel-first-child panel-last-child\" data-index=\"0\" data-style=\"{&quot;background_image_attachment&quot;:false,&quot;background_display&quot;:&quot;tile&quot;}\" >\n<div class=\"so-widget-sow-editor so-widget-sow-editor-base\">\n<div class=\"siteorigin-widget-tinymce textwidget\">\n<p><span style=\"font-family: verdana, geneva, sans-serif;\">Us\u0142uga KPD zapewnia jedno \u017ar\u00f3d\u0142o danych o sytuacji drogowej w skali kraju zapewniaj\u0105c sp\u00f3jn\u0105 <\/span><span style=\"font-family: verdana, geneva, sans-serif;\">i wiarygodn\u0105 informacj\u0119 o warunkach ruchu. Jednolity interfejs komunikacyjny, zgodny z wymaganiami Komisji Europejskiej, umo\u017cliwia zainteresowanym podmiotom jego \u0142atw\u0105 implementacj\u0119 w posiadanych systemach. Opis sposobu &#8222;pod\u0142\u0105czenia&#8221; do KPD zosta\u0142 okre\u015blony w specyfikacjach technicznych. <br \/><\/span><\/p>\n<\/div>\n<\/div>\n<\/div>\n<\/div>\n<div id=\"pgc-1356-0-1\"  class=\"panel-grid-cell\"  data-weight=\"0.25128865979381\" >\n<div id=\"panel-1356-0-1-0\" class=\"so-panel widget widget_sow-editor panel-first-child panel-last-child\" data-index=\"1\" data-style=\"{&quot;background_image_attachment&quot;:false,&quot;background_display&quot;:&quot;tile&quot;}\" >\n<div class=\"so-widget-sow-editor so-widget-sow-editor-base\">\n<div class=\"siteorigin-widget-tinymce textwidget\">\n\t<a class=\" ow-button-hover\" href=\"http:\/\/kpd-test.northeurope.cloudapp.azure.com\/index.php\/en\/tickets\"><br \/>\n<\/a><\/p>\n<p>KONTAKT<\/p><\/div>\n<\/div>\n<\/div>\n<\/div>\n<\/div>\n<div id=\"pg-1356-1\"  class=\"panel-grid panel-no-style\"  data-style=\"{&quot;background_display&quot;:&quot;tile&quot;,&quot;cell_alignment&quot;:&quot;flex-start&quot;}\" >\n<div id=\"pgc-1356-1-0\"  class=\"panel-grid-cell\"  data-weight=\"1\" >\n<div id=\"panel-1356-1-0-0\" class=\"so-panel widget widget_sow-editor panel-first-child panel-last-child\" data-index=\"2\" data-style=\"{&quot;background_display&quot;:&quot;tile&quot;}\" >\n<div class=\"so-widget-sow-editor so-widget-sow-editor-base\">\n<div class=\"siteorigin-widget-tinymce textwidget\">\n<h5><span style=\"font-family: verdana, geneva, sans-serif;\"><strong>Harmonogram test\u00f3w:<\/strong><\/span><\/h5>\n<p><span style=\"font-family: verdana, geneva, sans-serif;\"><strong>W godzinach 8:00 &#8211; 16:00 w dniach od 1 do 7 ka\u017cdego miesi\u0105ca ( dni robocze ) mo\u017cna wykonywa\u0107 testy wymiany komunikat\u00f3w.<\/strong><\/span><\/p>\n<\/div>\n<\/div>\n<\/div>\n<\/div>\n<\/div>\n<\/div>\n","protected":false},"excerpt":{"rendered":"<p>Us\u0142uga KPD zapewnia jedno \u017ar\u00f3d\u0142o danych o sytuacji drogowej w skali kraju zapewniaj\u0105c sp\u00f3jn\u0105 i wiarygodn\u0105 informacj\u0119 o warunkach ruchu. Jednolity interfejs komunikacyjny, zgodny z wymaganiami Komisji Europejskiej, umo\u017cliwia zainteresowanym podmiotom jego \u0142atw\u0105 implementacj\u0119 w posiadanych systemach. Opis sposobu &#8222;pod\u0142\u0105czenia&#8221; do KPD zosta\u0142 okre\u015blony w specyfikacjach technicznych. KONTAKT Harmonogram test\u00f3w: W godzinach 8:00 &#8211; 16:00 [&hellip;]<\/p>\n","protected":false},"author":1,"featured_media":0,"parent":0,"menu_order":0,"comment_status":"closed","ping_status":"closed","template":"","meta":{"footnotes":""},"_links":{"self":[{"href":"https:\/\/kpd-test.trafficmanager.net\/index.php\/wp-json\/wp\/v2\/pages\/1356"}],"collection":[{"href":"https:\/\/kpd-test.trafficmanager.net\/index.php\/wp-json\/wp\/v2\/pages"}],"about":[{"href":"https:\/\/kpd-test.trafficmanager.net\/index.php\/wp-json\/wp\/v2\/types\/page"}],"author":[{"embeddable":true,"href":"https:\/\/kpd-test.trafficmanager.net\/index.php\/wp-json\/wp\/v2\/users\/1"}],"replies":[{"embeddable":true,"href":"https:\/\/kpd-test.trafficmanager.net\/index.php\/wp-json\/wp\/v2\/comments?post=1356"}],"version-history":[{"count":5,"href":"https:\/\/kpd-test.trafficmanager.net\/index.php\/wp-json\/wp\/v2\/pages\/1356\/revisions"}],"predecessor-version":[{"id":2111,"href":"https:\/\/kpd-test.trafficmanager.net\/index.php\/wp-json\/wp\/v2\/pages\/1356\/revisions\/2111"}],"wp:attachment":[{"href":"https:\/\/kpd-test.trafficmanager.net\/index.php\/wp-json\/wp\/v2\/media?parent=1356"}],"curies":[{"name":"wp","href":"https:\/\/api.w.org\/{rel}","templated":true}]}}