{"id":1533,"date":"2017-08-02T12:16:06","date_gmt":"2017-08-02T12:16:06","guid":{"rendered":"http:\/\/kpd.kpd-tst.qumak.pl\/?page_id=1533"},"modified":"2017-09-09T10:15:09","modified_gmt":"2017-09-09T10:15:09","slug":"dostawcy-uslug","status":"publish","type":"page","link":"https:\/\/kpd-test.trafficmanager.net\/index.php\/pl\/dostawcy-uslug\/","title":{"rendered":"DOSTAWCY US\u0141UG"},"content":{"rendered":"<div id=\"pl-1533\"  class=\"panel-layout\" ><div id=\"pg-1533-0\"  class=\"panel-grid panel-no-style\" ><div id=\"pgc-1533-0-0\"  class=\"panel-grid-cell\" ><div id=\"panel-1533-0-0-0\" class=\"so-panel widget widget_sow-editor panel-first-child panel-last-child\" data-index=\"0\" ><div\r\n\t\t\t\r\n\t\t\tclass=\"so-widget-sow-editor so-widget-sow-editor-base\"\r\n\t\t\t\r\n\t\t>\r\n<div class=\"siteorigin-widget-tinymce textwidget\">\r\n\t<p>- <em>zmniejszaj\u0105 koszty operacyjne zwi\u0105zane z pozyskiwaniem danych od zarz\u0105dc\u00f3w dr\u00f3g oraz tworz\u0105 innowacyjne us\u0142ugi informacji o podr\u00f3\u017cy<\/em><\/p>\n<p>Jak dot\u0105d, istnieje wiele \u017ar\u00f3de\u0142 informacji \u2013 kierowcy przed podr\u00f3\u017c\u0105 musz\u0105 sprawdzi\u0107 nierzadko kilka \u017ar\u00f3de\u0142 informacji \u2013 witryny zarz\u0105dc\u00f3w dr\u00f3g, wiadomo\u015bci radiowe lub telewizyjne, portale informacyjne, nawigacje samochodowe itp. Dostawcy us\u0142ug, tj. m.in. firmy oferuj\u0105ce bezpo\u015brednio kierowcom us\u0142ugi nawigacji samochodowej, s\u0105 szczeg\u00f3lnie zainteresowane sprawnym pozyskiwaniem wiarygodnych danych o bie\u017c\u0105cych warunkach ruchu oraz planowanych robotach drogowych, zar\u00f3wno ze \u017ar\u00f3de\u0142 w\u0142asnych, jak r\u00f3wnie\u017c od zarz\u0105dc\u00f3w dr\u00f3g.<br \/> W tym przypadku KPD wychodzi naprzeciw ich zapotrzebowaniu, czyli oferuje pozyskiwanie tych wszystkich danych z jednego \u017ar\u00f3d\u0142a, kt\u00f3re gromadzi te dane w jednym miejscu. To spowoduje, \u017ce dostawcy us\u0142ug b\u0119d\u0105 mogli uzyska\u0107 dane o utrudnieniach w czasie rzeczywistym, co z kolei wp\u0142ynie na zmniejszenie koszt\u00f3w operacyjnych pozyskiwania danych, a zatem obni\u017cenie cen na rynku, a to w konsekwencji u\u0142atwi tworzenie innowacyjnych us\u0142ug dla kierowc\u00f3w w przysz\u0142o\u015bci.<\/p>\n<\/div>\r\n<\/div><\/div><\/div><\/div><\/div>","protected":false},"excerpt":{"rendered":"<p>&#8211; zmniejszaj\u0105 koszty operacyjne zwi\u0105zane z pozyskiwaniem danych od zarz\u0105dc\u00f3w dr\u00f3g oraz tworz\u0105 innowacyjne us\u0142ugi informacji o podr\u00f3\u017cyJak dot\u0105d, istnieje wiele \u017ar\u00f3de\u0142 informacji \u2013 kierowcy przed podr\u00f3\u017c\u0105 musz\u0105 sprawdzi\u0107 nierzadko kilka \u017ar\u00f3de\u0142 informacji \u2013 witryny zarz\u0105dc\u00f3w dr\u00f3g, wiadomo\u015bci radiowe lub telewizyjne, portale informacyjne, nawigacje samochodowe itp. Dostawcy us\u0142ug, tj. m.in. firmy oferuj\u0105ce bezpo\u015brednio kierowcom us\u0142ugi [&hellip;]<\/p>\n","protected":false},"author":1,"featured_media":0,"parent":0,"menu_order":0,"comment_status":"closed","ping_status":"closed","template":"","meta":{"footnotes":""},"_links":{"self":[{"href":"https:\/\/kpd-test.trafficmanager.net\/index.php\/wp-json\/wp\/v2\/pages\/1533"}],"collection":[{"href":"https:\/\/kpd-test.trafficmanager.net\/index.php\/wp-json\/wp\/v2\/pages"}],"about":[{"href":"https:\/\/kpd-test.trafficmanager.net\/index.php\/wp-json\/wp\/v2\/types\/page"}],"author":[{"embeddable":true,"href":"https:\/\/kpd-test.trafficmanager.net\/index.php\/wp-json\/wp\/v2\/users\/1"}],"replies":[{"embeddable":true,"href":"https:\/\/kpd-test.trafficmanager.net\/index.php\/wp-json\/wp\/v2\/comments?post=1533"}],"version-history":[{"count":6,"href":"https:\/\/kpd-test.trafficmanager.net\/index.php\/wp-json\/wp\/v2\/pages\/1533\/revisions"}],"predecessor-version":[{"id":2133,"href":"https:\/\/kpd-test.trafficmanager.net\/index.php\/wp-json\/wp\/v2\/pages\/1533\/revisions\/2133"}],"wp:attachment":[{"href":"https:\/\/kpd-test.trafficmanager.net\/index.php\/wp-json\/wp\/v2\/media?parent=1533"}],"curies":[{"name":"wp","href":"https:\/\/api.w.org\/{rel}","templated":true}]}}