{"id":1539,"date":"2017-08-02T12:17:58","date_gmt":"2017-08-02T12:17:58","guid":{"rendered":"http:\/\/kpd.kpd-tst.qumak.pl\/?page_id=1539"},"modified":"2017-09-14T09:39:12","modified_gmt":"2017-09-14T09:39:12","slug":"media","status":"publish","type":"page","link":"https:\/\/kpd-test.trafficmanager.net\/index.php\/pl\/media\/","title":{"rendered":"MEDIA"},"content":{"rendered":"<div id=\"pl-1539\"  class=\"panel-layout\" ><div id=\"pg-1539-0\"  class=\"panel-grid panel-no-style\" ><div id=\"pgc-1539-0-0\"  class=\"panel-grid-cell\" ><div id=\"panel-1539-0-0-0\" class=\"so-panel widget widget_sow-editor panel-first-child panel-last-child\" data-index=\"0\" ><div\r\n\t\t\t\r\n\t\t\tclass=\"so-widget-sow-editor so-widget-sow-editor-base\"\r\n\t\t\t\r\n\t\t>\r\n<div class=\"siteorigin-widget-tinymce textwidget\">\r\n\t<p style=\"text-align: justify;\">- pozyskaj\u0105 wiarygodn\u0105 informacj\u0119 publiczn\u0105 oraz umo\u017cliwi\u0105 przekazywanie informacji o warunkach ruchu szerokiej rzeszy odbiorc\u00f3w<\/p>\n<p style=\"text-align: justify;\">Podobnie jak w przypadku dostawc\u00f3w us\u0142ug, media - poprzez oferowanie kierowcom kompleksowych informacji o warunkach ruchu drogowego - stanowi\u0105 doskona\u0142e \u017ar\u00f3d\u0142o wiedzy, co przyczynia si\u0119 zwi\u0119kszenia poziomu bezpiecze\u0144stwa ruchu na drogach, optymalnego planowania podr\u00f3\u017cy, a w konsekwencji zwi\u0119kszenia komfortu jazdy. Dzi\u0119ki dost\u0119powi do KPD, media b\u0119d\u0105 mog\u0142y pozyskiwa\u0107 i przekazywa\u0107 dane o aktualnej sytuacji ruchowej na sieci dr\u00f3g, zamkni\u0119ciach dr\u00f3g, remonty, a tak\u017ce stawkach op\u0142at za przejazd drogami czy te\u017c umo\u017cliwia\u0107 podgl\u0105d obraz\u00f3w z wybranych kamer z sieci drogowej. Media b\u0119d\u0105 tak\u017ce stanowi\u0107 istotne wsparcie przy przekierowywaniu ruchu z zamkni\u0119tych odcink\u00f3w dr\u00f3g (w wyniku wyst\u0105pienia zdarze\u0144 drogowych) na trasy alternatywne, spe\u0142niaj\u0105c tym samym rol\u0119 informacyjn\u0105 dla spo\u0142ecze\u0144stwa.<\/p>\n<\/div>\r\n<\/div><\/div><\/div><\/div><\/div>","protected":false},"excerpt":{"rendered":"<p>&#8211; pozyskaj\u0105 wiarygodn\u0105 informacj\u0119 publiczn\u0105 oraz umo\u017cliwi\u0105 przekazywanie informacji o warunkach ruchu szerokiej rzeszy odbiorc\u00f3wPodobnie jak w przypadku dostawc\u00f3w us\u0142ug, media &#8211; poprzez oferowanie kierowcom kompleksowych informacji o warunkach ruchu drogowego &#8211; stanowi\u0105 doskona\u0142e \u017ar\u00f3d\u0142o wiedzy, co przyczynia si\u0119 zwi\u0119kszenia poziomu bezpiecze\u0144stwa ruchu na drogach, optymalnego planowania podr\u00f3\u017cy, a w konsekwencji zwi\u0119kszenia komfortu jazdy. Dzi\u0119ki [&hellip;]<\/p>\n","protected":false},"author":1,"featured_media":0,"parent":0,"menu_order":0,"comment_status":"closed","ping_status":"closed","template":"","meta":{"footnotes":""},"_links":{"self":[{"href":"https:\/\/kpd-test.trafficmanager.net\/index.php\/wp-json\/wp\/v2\/pages\/1539"}],"collection":[{"href":"https:\/\/kpd-test.trafficmanager.net\/index.php\/wp-json\/wp\/v2\/pages"}],"about":[{"href":"https:\/\/kpd-test.trafficmanager.net\/index.php\/wp-json\/wp\/v2\/types\/page"}],"author":[{"embeddable":true,"href":"https:\/\/kpd-test.trafficmanager.net\/index.php\/wp-json\/wp\/v2\/users\/1"}],"replies":[{"embeddable":true,"href":"https:\/\/kpd-test.trafficmanager.net\/index.php\/wp-json\/wp\/v2\/comments?post=1539"}],"version-history":[{"count":5,"href":"https:\/\/kpd-test.trafficmanager.net\/index.php\/wp-json\/wp\/v2\/pages\/1539\/revisions"}],"predecessor-version":[{"id":2142,"href":"https:\/\/kpd-test.trafficmanager.net\/index.php\/wp-json\/wp\/v2\/pages\/1539\/revisions\/2142"}],"wp:attachment":[{"href":"https:\/\/kpd-test.trafficmanager.net\/index.php\/wp-json\/wp\/v2\/media?parent=1539"}],"curies":[{"name":"wp","href":"https:\/\/api.w.org\/{rel}","templated":true}]}}