{"id":2104,"date":"2017-09-05T12:55:19","date_gmt":"2017-09-05T12:55:19","guid":{"rendered":"http:\/\/kpd.kpd-tst.qumak.pl\/?page_id=2104"},"modified":"2017-09-05T12:56:36","modified_gmt":"2017-09-05T12:56:36","slug":"_faq","status":"publish","type":"page","link":"https:\/\/kpd-test.trafficmanager.net\/index.php\/en\/_faq\/","title":{"rendered":"FAQ"},"content":{"rendered":"<div id=\"pl-2104\"  class=\"panel-layout\" >\n<div id=\"pg-2104-0\"  class=\"panel-grid panel-no-style\"  data-style=\"{&quot;background_display&quot;:&quot;tile&quot;,&quot;cell_alignment&quot;:&quot;flex-start&quot;}\" >\n<div id=\"pgc-2104-0-0\"  class=\"panel-grid-cell\"  data-weight=\"1\" >\n<div id=\"panel-2104-0-0-0\" class=\"so-panel widget widget_sow-editor panel-first-child panel-last-child\" data-index=\"0\" data-style=\"{&quot;id&quot;:&quot;rejestracja-aktywacja-title&quot;,&quot;class&quot;:&quot;page-name faq-title-toggle&quot;,&quot;background_display&quot;:&quot;tile&quot;}\" >\n<div class=\"page-name faq-title-toggle panel-widget-style panel-widget-style-for-2104-0-0-0\" id=\"rejestracja-aktywacja-title\" >\n<div class=\"so-widget-sow-editor so-widget-sow-editor-base\">\n<div class=\"siteorigin-widget-tinymce textwidget\">\n<p><span style=\"font-size: 18pt;\">Rejestracja i aktywacja konta<\/span><\/p>\n<\/div>\n<\/div>\n<\/div>\n<\/div>\n<\/div>\n<\/div>\n<div id=\"pg-2104-1\"  class=\"panel-grid panel-has-style\"  data-style=\"{&quot;id&quot;:&quot;rejestracja&quot;,&quot;background_display&quot;:&quot;tile&quot;,&quot;cell_alignment&quot;:&quot;flex-start&quot;}\" >\n<div id=\"rejestracja\" class=\"panel-row-style panel-row-style-for-2104-1\" >\n<div id=\"pgc-2104-1-0\"  class=\"panel-grid-cell\"  data-weight=\"1\" >\n<div id=\"panel-2104-1-0-0\" class=\"so-panel widget widget_sow-editor panel-first-child\" data-index=\"1\" data-style=\"{&quot;id&quot;:&quot;rejestracja-toggle&quot;,&quot;class&quot;:&quot;item-toggle&quot;,&quot;padding&quot;:&quot;0px 0px 0px 30px&quot;,&quot;background_display&quot;:&quot;tile&quot;}\" >\n<div class=\"item-toggle panel-widget-style panel-widget-style-for-2104-1-0-0\" id=\"rejestracja-toggle\" >\n<div class=\"so-widget-sow-editor so-widget-sow-editor-base\">\n<div class=\"siteorigin-widget-tinymce textwidget\">\n<h4 style=\"color: #ee6c00;\">Rejestracja<\/h4>\n<\/div>\n<\/div>\n<\/div>\n<\/div>\n<div id=\"panel-2104-1-0-1\" class=\"so-panel widget widget_sow-editor panel-last-child\" data-index=\"2\" data-style=\"{&quot;id&quot;:&quot;rejestracja-answer&quot;,&quot;class&quot;:&quot;answer-toggle&quot;,&quot;padding&quot;:&quot;0px 0px 0px 30px&quot;,&quot;background_display&quot;:&quot;tile&quot;}\" >\n<div class=\"answer-toggle panel-widget-style panel-widget-style-for-2104-1-0-1\" id=\"rejestracja-answer\" >\n<div class=\"so-widget-sow-editor so-widget-sow-editor-base\">\n<div class=\"siteorigin-widget-tinymce textwidget\">\n<p>Aby si\u0119 zarejestrowa\u0107 nale\u017cy wype\u0142ni\u0107 jeden z wniosk\u00f3w rejestracyjnych znajduj\u0105cych si\u0119 <a style=\"color: #ee6c00;\" href=\"http:\/\/kpd-test.northeurope.cloudapp.azure.com\/index.php\/pl\/pobierz\/\">tutaj.<\/a><\/p>\n<p>Wype\u0142niony wniosek ( skan wniosku lub w formacie dost\u0119pnym na stronie jako za\u0142\u0105cznik do e-mail ) nale\u017cy odes\u0142a\u0107 poczt\u0105 elektroniczn\u0105 na adres e-mail: lub w wersji papierowej poczt\u0105 tradycyjn\u0105 na adres:<\/p>\n<\/div>\n<\/div>\n<\/div>\n<\/div>\n<\/div>\n<\/div>\n<\/div>\n<div id=\"pg-2104-2\"  class=\"panel-grid panel-has-style\"  data-style=\"{&quot;id&quot;:&quot;aktywacja&quot;,&quot;background_display&quot;:&quot;tile&quot;,&quot;cell_alignment&quot;:&quot;flex-start&quot;}\" >\n<div id=\"aktywacja\" class=\"panel-row-style panel-row-style-for-2104-2\" >\n<div id=\"pgc-2104-2-0\"  class=\"panel-grid-cell\"  data-weight=\"1\" >\n<div id=\"panel-2104-2-0-0\" class=\"so-panel widget widget_sow-editor panel-first-child\" data-index=\"3\" data-style=\"{&quot;id&quot;:&quot;aktywacja-toggle&quot;,&quot;class&quot;:&quot;item-toggle&quot;,&quot;padding&quot;:&quot;0px 0px 0px 30px&quot;,&quot;background_display&quot;:&quot;tile&quot;}\" >\n<div class=\"item-toggle panel-widget-style panel-widget-style-for-2104-2-0-0\" id=\"aktywacja-toggle\" >\n<div class=\"so-widget-sow-editor so-widget-sow-editor-base\">\n<div class=\"siteorigin-widget-tinymce textwidget\">\n<h4 style=\"color: #ee6c00;\">Aktywacja konta<\/h4>\n<\/div>\n<\/div>\n<\/div>\n<\/div>\n<div id=\"panel-2104-2-0-1\" class=\"so-panel widget widget_sow-editor panel-last-child\" data-index=\"4\" data-style=\"{&quot;id&quot;:&quot;aktywacja-answer&quot;,&quot;class&quot;:&quot;answer-toggle&quot;,&quot;padding&quot;:&quot;0px 0px 0px 30px&quot;,&quot;background_display&quot;:&quot;tile&quot;}\" >\n<div class=\"answer-toggle panel-widget-style panel-widget-style-for-2104-2-0-1\" id=\"aktywacja-answer\" >\n<div class=\"so-widget-sow-editor so-widget-sow-editor-base\">\n<div class=\"siteorigin-widget-tinymce textwidget\">\n<p>Na e-mail podany we wniosku w zale\u017cno\u015bci o jak\u0105 rejestracj\u0119 zosta\u0142 z\u0142o\u017cony wniosek:<\/p>\n<ul>\n<li>Rejestracja u\u017cytkownika w KDP,<\/li>\n<li>Rejestracja Dostawcy Danych \/ Odbiorcy Danych w KPD,<\/li>\n<\/ul>\n<p>Otrzymaj\u0105 Pa\u0144stwo:<\/p>\n<ul style=\"list-style-type: circle;\">\n<li>dla wniosku o rejestracj\u0119 Dostawcy Danych \/ Odbiorcy Danych generowane jest tylko powiadomienie o zarejestrowaniu Podmiotu w KPD. Kiedy Podmiot zostanie zarejestrowany w KPD mo\u017ce wyst\u0105pi\u0107 z wnioskiem o rejestracj\u0119 u\u017cytkownik\u00f3w. Sam podmiot nie posiada \u017cadnych uprawnie\u0144 do logowania w KPD.<\/li>\n<li>dla wniosku o rejestracj\u0119 u\u017cytkownika ( bez dost\u0119pu do API ) na adres e-mail zostan\u0105 przes\u0142ane ( login oraz link do zmiany has\u0142a ) , po otrzymaniu linku do zmiany has\u0142a nale\u017cy wej\u015b\u0107 na ten link i ustawi\u0107 sobie has\u0142o do aplikacji. Po zmianie has\u0142a u\u017cytkownik loguje si\u0119 podaj\u0105c adres e-mail ( rejestracyjny ) oraz has\u0142o kt\u00f3re sam sobie ustawi\u0142.<\/li>\n<li>dla wniosku o rejestracj\u0119 u\u017cytkownika ( z dost\u0119pem do API ) na adres e-mail zostan\u0105 przes\u0142ane trzy e-maile:<br \/> pierwszy e-mail z informacj\u0105 o tym, \u017ce w osobnym e-mailu zostanie przes\u0142any certyfikat z danymi dost\u0119powymi do \u015brodowiska testowego, link do potwierdzenia zako\u0144czenia test\u00f3w wymiany komunikat\u00f3w oraz link do terminarza test\u00f3w,<\/li>\n<li>drugi e-mail b\u0119dzie zawiera\u0142 link do platformy testowej oraz certyfikat testowy,<\/li>\n<li>w trzecim e-mailu zostanie przes\u0142any certyfikat ( produkcyjny ) wraz z linkiem dost\u0119powym ( trzeci e-mail zostanie wys\u0142any tylko wtedy, kiedy u\u017cytkownik wejdzie na link potwierdzaj\u0105cy zako\u0144czenie test\u00f3w wymiany komunikat\u00f3w.<\/li>\n<\/ul>\n<\/div>\n<\/div>\n<\/div>\n<\/div>\n<\/div>\n<\/div>\n<\/div>\n<div id=\"pg-2104-3\"  class=\"panel-grid panel-has-style\"  data-style=\"{&quot;id&quot;:&quot;idid&quot;,&quot;padding&quot;:&quot;70px 0px 0px 0px&quot;,&quot;background_display&quot;:&quot;tile&quot;,&quot;cell_alignment&quot;:&quot;flex-start&quot;}\" >\n<div id=\"idid\" class=\"panel-row-style panel-row-style-for-2104-3\" >\n<div id=\"pgc-2104-3-0\"  class=\"panel-grid-cell\"  data-weight=\"1\" >\n<div id=\"panel-2104-3-0-0\" class=\"so-panel widget widget_sow-editor panel-first-child\" data-index=\"5\" data-style=\"{&quot;id&quot;:&quot;komunikaty-title&quot;,&quot;class&quot;:&quot;page-name faq-title-toggle&quot;,&quot;background_display&quot;:&quot;tile&quot;}\" >\n<div class=\"page-name faq-title-toggle panel-widget-style panel-widget-style-for-2104-3-0-0\" id=\"komunikaty-title\" >\n<div class=\"so-widget-sow-editor so-widget-sow-editor-base\">\n<div class=\"siteorigin-widget-tinymce textwidget\">\n<p><span style=\"font-size: 18pt;\">Test wymiany komunikat\u00f3w<\/span><\/p>\n<\/div>\n<\/div>\n<\/div>\n<\/div>\n<div id=\"panel-2104-3-0-1\" class=\"so-panel widget widget_sow-editor\" data-index=\"6\" data-style=\"{&quot;id&quot;:&quot;komunikaty&quot;,&quot;class&quot;:&quot;answer&quot;,&quot;padding&quot;:&quot;0px 0px 0px 30px&quot;,&quot;background_display&quot;:&quot;tile&quot;}\" >\n<div class=\"answer panel-widget-style panel-widget-style-for-2104-3-0-1\" id=\"komunikaty\" >\n<div class=\"so-widget-sow-editor so-widget-sow-editor-base\">\n<div class=\"siteorigin-widget-tinymce textwidget\">\n<p>Test wymiany komunikat\u00f3w jest po to \u017ceby sprawdzi\u0107 czy wszystko zosta\u0142o w prawid\u0142owy spos\u00f3b skonfigurowane i czy jest si\u0119 gotowym aby wymienia\u0107 informacj\u0119 z KPD. Terminarz test\u00f3w jest dost\u0119pny <a style=\"color: #ee6c00;\" href=\"http:\/\/kpd-test.northeurope.cloudapp.azure.com\/index.php\/pl\/usluga-kpd\/\">&#8222;tutaj&#8221;<\/a>.<\/p>\n<\/div>\n<\/div>\n<\/div>\n<\/div>\n<div id=\"panel-2104-3-0-2\" class=\"so-panel widget widget_sow-editor\" data-index=\"7\" data-style=\"{&quot;id&quot;:&quot;odzyskiwanie-title&quot;,&quot;class&quot;:&quot;page-name faq-title-toggle&quot;,&quot;background_display&quot;:&quot;tile&quot;}\" >\n<div class=\"page-name faq-title-toggle panel-widget-style panel-widget-style-for-2104-3-0-2\" id=\"odzyskiwanie-title\" >\n<div class=\"so-widget-sow-editor so-widget-sow-editor-base\">\n<div class=\"siteorigin-widget-tinymce textwidget\">\n<p><span style=\"font-size: 18pt;\">Odzyskiwanie has\u0142a<\/span><\/p>\n<\/div>\n<\/div>\n<\/div>\n<\/div>\n<div id=\"panel-2104-3-0-3\" class=\"so-panel widget widget_sow-editor panel-last-child\" data-index=\"8\" data-style=\"{&quot;id&quot;:&quot;odzyskiwanie&quot;,&quot;class&quot;:&quot;answer&quot;,&quot;padding&quot;:&quot;0px 0px 0px 30px&quot;,&quot;background_display&quot;:&quot;tile&quot;}\" >\n<div class=\"answer panel-widget-style panel-widget-style-for-2104-3-0-3\" id=\"odzyskiwanie\" >\n<div class=\"so-widget-sow-editor so-widget-sow-editor-base\">\n<div class=\"siteorigin-widget-tinymce textwidget\">\n<p>Aby odzyska\u0107 has\u0142o nale\u017cy skontaktowa\u0107 si\u0119 z GDDKIA poprzez formularz kontaktowy znajduj\u0105cy si\u0119 <a style=\"color: #ee6c00;\" href=\"http:\/\/kpd-test.northeurope.cloudapp.azure.com\/index.php\/pl\/formularz-kontaktowy\/\">tutaj<\/a>. O zmian\u0119 \u2013 odzyskanie has\u0142a mo\u017ce wyst\u0105pi\u0107 tylko osoba do kontaktu w Pa\u0144stwa firmie (jest to osoba wskazana przy rejestracji Firmy). W tre\u015bci formularza kontaktowego nale\u017cy poda\u0107 nast\u0119puj\u0105ce dane:<\/p>\n<ul>\n<li>Nazwa Podmiotu \u2013 Pracodawca &#8211; Firma<\/li>\n<li>Imi\u0119 i Nazwisko (osoby dla kt\u00f3rej has\u0142o ma zosta\u0107 wygenerowane),<\/li>\n<li>adres e-mail (osoby dla kt\u00f3rej has\u0142o ma zosta\u0107 wygenerowane).<\/li>\n<\/ul>\n<\/div>\n<\/div>\n<\/div>\n<\/div>\n<\/div>\n<\/div>\n<\/div>\n<\/div>\n","protected":false},"excerpt":{"rendered":"<p>Rejestracja i aktywacja konta Rejestracja Aby si\u0119 zarejestrowa\u0107 nale\u017cy wype\u0142ni\u0107 jeden z wniosk\u00f3w rejestracyjnych znajduj\u0105cych si\u0119 tutaj. Wype\u0142niony wniosek ( skan wniosku lub w formacie dost\u0119pnym na stronie jako za\u0142\u0105cznik do e-mail ) nale\u017cy odes\u0142a\u0107 poczt\u0105 elektroniczn\u0105 na adres e-mail: lub w wersji papierowej poczt\u0105 tradycyjn\u0105 na adres: Aktywacja konta Na e-mail podany we wniosku [&hellip;]<\/p>\n","protected":false},"author":1,"featured_media":0,"parent":0,"menu_order":0,"comment_status":"closed","ping_status":"closed","template":"","meta":{"footnotes":""},"_links":{"self":[{"href":"https:\/\/kpd-test.trafficmanager.net\/index.php\/wp-json\/wp\/v2\/pages\/2104"}],"collection":[{"href":"https:\/\/kpd-test.trafficmanager.net\/index.php\/wp-json\/wp\/v2\/pages"}],"about":[{"href":"https:\/\/kpd-test.trafficmanager.net\/index.php\/wp-json\/wp\/v2\/types\/page"}],"author":[{"embeddable":true,"href":"https:\/\/kpd-test.trafficmanager.net\/index.php\/wp-json\/wp\/v2\/users\/1"}],"replies":[{"embeddable":true,"href":"https:\/\/kpd-test.trafficmanager.net\/index.php\/wp-json\/wp\/v2\/comments?post=2104"}],"version-history":[{"count":2,"href":"https:\/\/kpd-test.trafficmanager.net\/index.php\/wp-json\/wp\/v2\/pages\/2104\/revisions"}],"predecessor-version":[{"id":2107,"href":"https:\/\/kpd-test.trafficmanager.net\/index.php\/wp-json\/wp\/v2\/pages\/2104\/revisions\/2107"}],"wp:attachment":[{"href":"https:\/\/kpd-test.trafficmanager.net\/index.php\/wp-json\/wp\/v2\/media?parent=2104"}],"curies":[{"name":"wp","href":"https:\/\/api.w.org\/{rel}","templated":true}]}}